{"id":12,"date":"2023-01-05T14:31:59","date_gmt":"2023-01-05T14:31:59","guid":{"rendered":"http:\/\/www.civrilarackiralama.com\/?page_id=12"},"modified":"2024-07-13T13:33:09","modified_gmt":"2024-07-13T13:33:09","slug":"anasayfa","status":"publish","type":"page","link":"https:\/\/www.civrilrentacar.com\/","title":{"rendered":"Anasayfa"},"content":{"rendered":"\t\t<div data-elementor-type=\"wp-page\" data-elementor-id=\"12\" class=\"elementor elementor-12\" data-elementor-settings=\"{&quot;ha_cmc_init_switcher&quot;:&quot;no&quot;}\">\n\t\t\t\t\t\t<section class=\"elementor-section elementor-top-section elementor-element elementor-element-77bdce8 elementor-section-boxed elementor-section-height-default elementor-section-height-default\" data-id=\"77bdce8\" data-element_type=\"section\" data-settings=\"{&quot;_ha_eqh_enable&quot;:false}\">\n\t\t\t\t\t\t<div class=\"elementor-container elementor-column-gap-default\">\n\t\t\t\t\t<div class=\"elementor-column elementor-col-100 elementor-top-column elementor-element elementor-element-8394f1f\" data-id=\"8394f1f\" data-element_type=\"column\">\n\t\t\t<div class=\"elementor-widget-wrap elementor-element-populated\">\n\t\t\t\t\t\t<div class=\"elementor-element elementor-element-978a8eb elementor-widget-mobile__width-inherit elementor--h-position-center elementor--v-position-middle elementor-arrows-position-inside elementor-pagination-position-inside elementor-widget elementor-widget-slides\" data-id=\"978a8eb\" data-element_type=\"widget\" data-settings=\"{&quot;autoplay_speed&quot;:3000,&quot;navigation&quot;:&quot;both&quot;,&quot;autoplay&quot;:&quot;yes&quot;,&quot;pause_on_hover&quot;:&quot;yes&quot;,&quot;pause_on_interaction&quot;:&quot;yes&quot;,&quot;infinite&quot;:&quot;yes&quot;,&quot;transition&quot;:&quot;slide&quot;,&quot;transition_speed&quot;:500}\" data-widget_type=\"slides.default\">\n\t\t\t\t<div class=\"elementor-widget-container\">\n\t\t\t<style>\/*! elementor-pro - v3.10.1 - 09-01-2023 *\/\n.elementor-slides .swiper-slide-bg{background-size:cover;background-position:50%;background-repeat:no-repeat;min-width:100%;min-height:100%}.elementor-slides .swiper-slide-inner{background-repeat:no-repeat;background-position:50%;position:absolute;top:0;left:0;bottom:0;right:0;padding:50px;margin:auto}.elementor-slides .swiper-slide-inner,.elementor-slides .swiper-slide-inner:hover{color:#fff;display:flex}.elementor-slides .swiper-slide-inner .elementor-background-overlay{position:absolute;z-index:0;top:0;bottom:0;left:0;right:0}.elementor-slides .swiper-slide-inner .elementor-slide-content{position:relative;z-index:1;width:100%}.elementor-slides .swiper-slide-inner .elementor-slide-heading{font-size:35px;font-weight:700;line-height:1}.elementor-slides .swiper-slide-inner .elementor-slide-description{font-size:17px;line-height:1.4}.elementor-slides .swiper-slide-inner .elementor-slide-description:not(:last-child),.elementor-slides .swiper-slide-inner .elementor-slide-heading:not(:last-child){margin-bottom:30px}.elementor-slides .swiper-slide-inner .elementor-slide-button{border:2px solid #fff;color:#fff;background:transparent;display:inline-block}.elementor-slides .swiper-slide-inner .elementor-slide-button,.elementor-slides .swiper-slide-inner .elementor-slide-button:hover{background:transparent;color:inherit;text-decoration:none}.elementor--v-position-top .swiper-slide-inner{align-items:flex-start}.elementor--v-position-bottom .swiper-slide-inner{align-items:flex-end}.elementor--v-position-middle .swiper-slide-inner{align-items:center}.elementor--h-position-left .swiper-slide-inner{justify-content:flex-start}.elementor--h-position-right .swiper-slide-inner{justify-content:flex-end}.elementor--h-position-center .swiper-slide-inner{justify-content:center}body.rtl .elementor-widget-slides .elementor-swiper-button-next{left:10px;right:auto}body.rtl .elementor-widget-slides .elementor-swiper-button-prev{right:10px;left:auto}.elementor-slides-wrapper div:not(.swiper-slide)>.swiper-slide-inner{display:none}@media (max-width:767px){.elementor-slides .swiper-slide-inner{padding:30px}.elementor-slides .swiper-slide-inner .elementor-slide-heading{font-size:23px;line-height:1;margin-bottom:15px}.elementor-slides .swiper-slide-inner .elementor-slide-description{font-size:13px;line-height:1.4;margin-bottom:15px}}<\/style>\t\t<div class=\"elementor-swiper\">\n\t\t\t<div class=\"elementor-slides-wrapper elementor-main-swiper swiper-container\" dir=\"ltr\" data-animation=\"zoomIn\">\n\t\t\t\t<div class=\"swiper-wrapper elementor-slides\">\n\t\t\t\t\t\t\t\t\t\t<div class=\"elementor-repeater-item-3c2fff6 swiper-slide\"><div class=\"swiper-slide-bg\"><\/div><div class=\"elementor-background-overlay\"><\/div><a class=\"swiper-slide-inner\" href=\"https:\/\/www.civrilarackiralama.com\/index.php\/2023\/08\/25\/volkswagen-passat\/\"><div class=\"swiper-slide-contents\"><div class=\"elementor-slide-heading\">Volkswagen Passat<\/div><div  class=\"elementor-button elementor-slide-button elementor-size-sm\">\u0130ncele<\/div><\/div><\/a><\/div><div class=\"elementor-repeater-item-35dd1ff swiper-slide\"><div class=\"swiper-slide-bg\"><\/div><div class=\"elementor-background-overlay\"><\/div><a class=\"swiper-slide-inner\" href=\"https:\/\/www.civrilarackiralama.com\/index.php\/2023\/08\/25\/renault-megane\/\"><div class=\"swiper-slide-contents\"><div class=\"elementor-slide-heading\">Renault Megane<\/div><div  class=\"elementor-button elementor-slide-button elementor-size-sm\">\u0130ncele<\/div><\/div><\/a><\/div><div class=\"elementor-repeater-item-807a3bb swiper-slide\"><div class=\"swiper-slide-bg\"><\/div><div class=\"elementor-background-overlay\"><\/div><a class=\"swiper-slide-inner\" href=\"https:\/\/www.civrilarackiralama.com\/index.php\/2023\/08\/25\/ford-focus\/\"><div class=\"swiper-slide-contents\"><div class=\"elementor-slide-heading\">Ford Focus<\/div><div  class=\"elementor-button elementor-slide-button elementor-size-sm\">\u0130ncele<\/div><\/div><\/a><\/div><div class=\"elementor-repeater-item-d2fa861 swiper-slide\"><div class=\"swiper-slide-bg\"><\/div><div class=\"elementor-background-overlay\"><\/div><a class=\"swiper-slide-inner\" href=\"https:\/\/www.civrilarackiralama.com\/index.php\/2023\/08\/25\/hyundai-accent-blue\/\"><div class=\"swiper-slide-contents\"><div class=\"elementor-slide-heading\">Hyundai Accent Blue<\/div><div  class=\"elementor-button elementor-slide-button elementor-size-sm\">\u0130ncele<\/div><\/div><\/a><\/div><div class=\"elementor-repeater-item-43332b8 swiper-slide\"><div class=\"swiper-slide-bg\"><\/div><div class=\"elementor-background-overlay\"><\/div><a class=\"swiper-slide-inner\" href=\"https:\/\/www.civrilarackiralama.com\/index.php\/2023\/08\/25\/fiat-egea\/\"><div class=\"swiper-slide-contents\"><div class=\"elementor-slide-heading\">Fiat Egea<\/div><div  class=\"elementor-button elementor-slide-button elementor-size-sm\">\u0130ncele<\/div><\/div><\/a><\/div><div class=\"elementor-repeater-item-0399bd4 swiper-slide\"><div class=\"swiper-slide-bg\"><\/div><div class=\"elementor-background-overlay\"><\/div><a class=\"swiper-slide-inner\" href=\"https:\/\/www.civrilarackiralama.com\/index.php\/2023\/08\/25\/peugeot-301\/\"><div class=\"swiper-slide-contents\"><div class=\"elementor-slide-heading\">Peugeot 301<\/div><div  class=\"elementor-button elementor-slide-button elementor-size-sm\">\u0130ncele<\/div><\/div><\/a><\/div><div class=\"elementor-repeater-item-15cca13 swiper-slide\"><div class=\"swiper-slide-bg\"><\/div><div class=\"elementor-background-overlay\"><\/div><a class=\"swiper-slide-inner\" href=\"https:\/\/www.civrilarackiralama.com\/index.php\/2023\/08\/25\/citroen-elysee\/\"><div class=\"swiper-slide-contents\"><div class=\"elementor-slide-heading\">Citroen Elysee<\/div><div  class=\"elementor-button elementor-slide-button elementor-size-sm\">\u0130ncele<\/div><\/div><\/a><\/div><div class=\"elementor-repeater-item-f40d73a swiper-slide\"><div class=\"swiper-slide-bg\"><\/div><div class=\"elementor-background-overlay\"><\/div><a class=\"swiper-slide-inner\" href=\"https:\/\/www.civrilarackiralama.com\/index.php\/2023\/09\/03\/renault-fluance\/\"><div class=\"swiper-slide-contents\"><div class=\"elementor-slide-heading\">Renault Fluence<\/div><div  class=\"elementor-button elementor-slide-button elementor-size-sm\">\u0130ncele<\/div><\/div><\/a><\/div><div class=\"elementor-repeater-item-1fdf9d8 swiper-slide\"><div class=\"swiper-slide-bg\"><\/div><div class=\"elementor-background-overlay\"><\/div><a class=\"swiper-slide-inner\" href=\"https:\/\/www.civrilarackiralama.com\/index.php\/2023\/09\/13\/renault-symbol\/\"><div class=\"swiper-slide-contents\"><div class=\"elementor-slide-heading\">Renault  Symbol<\/div><div  class=\"elementor-button elementor-slide-button elementor-size-sm\">\u0130ncele<\/div><\/div><\/a><\/div><div class=\"elementor-repeater-item-7d512b5 swiper-slide\"><div class=\"swiper-slide-bg\"><\/div><div class=\"elementor-background-overlay\"><\/div><a class=\"swiper-slide-inner\" href=\"https:\/\/www.civrilarackiralama.com\/index.php\/2023\/08\/04\/fiorino-cloned-411\/\"><div class=\"swiper-slide-contents\"><div class=\"elementor-slide-heading\">Renault Clio<\/div><div  class=\"elementor-button elementor-slide-button elementor-size-sm\">\u0130ncele<\/div><\/div><\/a><\/div><div class=\"elementor-repeater-item-1a6048a swiper-slide\"><div class=\"swiper-slide-bg\"><\/div><div class=\"elementor-background-overlay\"><\/div><a class=\"swiper-slide-inner\" href=\"https:\/\/www.civrilarackiralama.com\/index.php\/2023\/09\/13\/fiat-egea-cross\/\"><div class=\"swiper-slide-contents\"><div class=\"elementor-slide-heading\">Fiat Egea Cross<\/div><div  class=\"elementor-button elementor-slide-button elementor-size-sm\">\u0130ncele<\/div><\/div><\/a><\/div><div class=\"elementor-repeater-item-3acd861 swiper-slide\"><div class=\"swiper-slide-bg\"><\/div><div class=\"elementor-background-overlay\"><\/div><a class=\"swiper-slide-inner\" href=\"http:\/\/www.civrilarackiralama.com\/index.php\/2023\/09\/13\/dacia-duster\/\"><div class=\"swiper-slide-contents\"><div class=\"elementor-slide-heading\">Dacia Duster<\/div><div  class=\"elementor-button elementor-slide-button elementor-size-sm\">\u0130ncele<\/div><\/div><\/a><\/div><div class=\"elementor-repeater-item-a13e1ca swiper-slide\"><div class=\"swiper-slide-bg\"><\/div><div class=\"elementor-background-overlay\"><\/div><a class=\"swiper-slide-inner\" href=\"http:\/\/www.civrilarackiralama.com\/index.php\/2023\/09\/13\/ford-courier\/\"><div class=\"swiper-slide-contents\"><div class=\"elementor-slide-heading\">Ford Courier<\/div><div  class=\"elementor-button elementor-slide-button elementor-size-sm\">\u0130ncele<\/div><\/div><\/a><\/div><div class=\"elementor-repeater-item-e114a20 swiper-slide\"><div class=\"swiper-slide-bg\"><\/div><div class=\"elementor-background-overlay\"><\/div><a class=\"swiper-slide-inner\" href=\"http:\/\/www.civrilarackiralama.com\/index.php\/2023\/09\/13\/fiat-fiorino\/\"><div class=\"swiper-slide-contents\"><div class=\"elementor-slide-heading\">Fiat Fiorino<\/div><div  class=\"elementor-button elementor-slide-button elementor-size-sm\">\u0130ncele<\/div><\/div><\/a><\/div><div class=\"elementor-repeater-item-2c01588 swiper-slide\"><div class=\"swiper-slide-bg\"><\/div><div class=\"elementor-background-overlay\"><\/div><a class=\"swiper-slide-inner\" href=\"http:\/\/www.civrilarackiralama.com\/index.php\/2023\/09\/13\/fiat-doblo\/\"><div class=\"swiper-slide-contents\"><div class=\"elementor-slide-heading\">Fiat Doblo<\/div><div  class=\"elementor-button elementor-slide-button elementor-size-sm\">\u0130ncele<\/div><\/div><\/a><\/div>\t\t\t\t<\/div>\n\t\t\t\t\t\t\t\t\t\t\t\t\t\t\t<div class=\"swiper-pagination\"><\/div>\n\t\t\t\t\t\t\t\t\t\t\t\t\t\t\t\t<div class=\"elementor-swiper-button elementor-swiper-button-prev\">\n\t\t\t\t\t\t\t<i aria-hidden=\"true\" class=\"eicon-chevron-left\"><\/i>\t\t\t\t\t\t\t<span class=\"elementor-screen-only\">Previous<\/span>\n\t\t\t\t\t\t<\/div>\n\t\t\t\t\t\t<div class=\"elementor-swiper-button elementor-swiper-button-next\">\n\t\t\t\t\t\t\t<i aria-hidden=\"true\" class=\"eicon-chevron-right\"><\/i>\t\t\t\t\t\t\t<span class=\"elementor-screen-only\">Next<\/span>\n\t\t\t\t\t\t<\/div>\n\t\t\t\t\t\t\t\t\t\t\t\t<\/div>\n\t\t<\/div>\n\t\t\t\t<\/div>\n\t\t\t\t<\/div>\n\t\t\t\t<div class=\"elementor-element elementor-element-ffcc916 elementor-widget__width-initial elementor-arrows-position-inside elementor-pagination-position-outside elementor-widget elementor-widget-image-carousel\" data-id=\"ffcc916\" data-element_type=\"widget\" data-settings=\"{&quot;slides_to_show&quot;:&quot;3&quot;,&quot;slides_to_scroll&quot;:&quot;3&quot;,&quot;slides_to_show_mobile&quot;:&quot;3&quot;,&quot;slides_to_scroll_mobile&quot;:&quot;3&quot;,&quot;navigation&quot;:&quot;both&quot;,&quot;autoplay&quot;:&quot;yes&quot;,&quot;pause_on_hover&quot;:&quot;yes&quot;,&quot;pause_on_interaction&quot;:&quot;yes&quot;,&quot;autoplay_speed&quot;:5000,&quot;infinite&quot;:&quot;yes&quot;,&quot;speed&quot;:500}\" data-widget_type=\"image-carousel.default\">\n\t\t\t\t<div class=\"elementor-widget-container\">\n\t\t\t<style>\/*! elementor - v3.23.0 - 05-08-2024 *\/\n.elementor-widget-image-carousel .swiper,.elementor-widget-image-carousel .swiper-container{position:static}.elementor-widget-image-carousel .swiper-container .swiper-slide figure,.elementor-widget-image-carousel .swiper .swiper-slide figure{line-height:inherit}.elementor-widget-image-carousel .swiper-slide{text-align:center}.elementor-image-carousel-wrapper:not(.swiper-container-initialized):not(.swiper-initialized) .swiper-slide{max-width:calc(100% \/ var(--e-image-carousel-slides-to-show, 3))}<\/style>\t\t<div class=\"elementor-image-carousel-wrapper swiper\" dir=\"ltr\">\n\t\t\t<div class=\"elementor-image-carousel swiper-wrapper\" aria-live=\"off\">\n\t\t\t\t\t\t\t\t<div class=\"swiper-slide\" role=\"group\" aria-roledescription=\"slide\" aria-label=\"1 \/ 16\"><figure class=\"swiper-slide-inner\"><img decoding=\"async\" class=\"swiper-slide-image\" src=\"https:\/\/www.civrilrentacar.com\/wp-content\/uploads\/2023\/08\/dacia-duster-300x141.webp\" alt=\"dacia-duster\" \/><\/figure><\/div><div class=\"swiper-slide\" role=\"group\" aria-roledescription=\"slide\" aria-label=\"2 \/ 16\"><figure class=\"swiper-slide-inner\"><img decoding=\"async\" class=\"swiper-slide-image\" src=\"https:\/\/www.civrilrentacar.com\/wp-content\/uploads\/2023\/08\/accentblue1-300x180.jpg\" alt=\"accent blue\" \/><\/figure><\/div><div class=\"swiper-slide\" role=\"group\" aria-roledescription=\"slide\" aria-label=\"3 \/ 16\"><figure class=\"swiper-slide-inner\"><img decoding=\"async\" class=\"swiper-slide-image\" src=\"https:\/\/www.civrilrentacar.com\/wp-content\/uploads\/2023\/08\/focus-300x190.png\" alt=\"focus\" \/><\/figure><\/div><div class=\"swiper-slide\" role=\"group\" aria-roledescription=\"slide\" aria-label=\"4 \/ 16\"><figure class=\"swiper-slide-inner\"><img decoding=\"async\" class=\"swiper-slide-image\" src=\"https:\/\/www.civrilrentacar.com\/wp-content\/uploads\/2023\/08\/citroen-c-elysee-736x414-1-300x169.jpg\" alt=\"citroen-c-elysee-736x414\" \/><\/figure><\/div><div class=\"swiper-slide\" role=\"group\" aria-roledescription=\"slide\" aria-label=\"5 \/ 16\"><figure class=\"swiper-slide-inner\"><img decoding=\"async\" class=\"swiper-slide-image\" src=\"https:\/\/www.civrilrentacar.com\/wp-content\/uploads\/2023\/08\/passat-300x227.jpg\" alt=\"passat\" \/><\/figure><\/div><div class=\"swiper-slide\" role=\"group\" aria-roledescription=\"slide\" aria-label=\"6 \/ 16\"><figure class=\"swiper-slide-inner\"><img decoding=\"async\" class=\"swiper-slide-image\" src=\"https:\/\/www.civrilrentacar.com\/wp-content\/uploads\/2023\/08\/megane-300x143.jpg\" alt=\"megane\" \/><\/figure><\/div><div class=\"swiper-slide\" role=\"group\" aria-roledescription=\"slide\" aria-label=\"7 \/ 16\"><figure class=\"swiper-slide-inner\"><img decoding=\"async\" class=\"swiper-slide-image\" src=\"https:\/\/www.civrilrentacar.com\/wp-content\/uploads\/2023\/08\/fiat-doblo-300x169.jpg\" alt=\"fiat-doblo\" \/><\/figure><\/div><div class=\"swiper-slide\" role=\"group\" aria-roledescription=\"slide\" aria-label=\"8 \/ 16\"><figure class=\"swiper-slide-inner\"><img decoding=\"async\" class=\"swiper-slide-image\" src=\"https:\/\/www.civrilrentacar.com\/wp-content\/uploads\/2023\/08\/egea-croos-300x190.png\" alt=\"egea croos\" \/><\/figure><\/div><div class=\"swiper-slide\" role=\"group\" aria-roledescription=\"slide\" aria-label=\"9 \/ 16\"><figure class=\"swiper-slide-inner\"><img decoding=\"async\" class=\"swiper-slide-image\" src=\"https:\/\/www.civrilrentacar.com\/wp-content\/uploads\/2023\/08\/17-36-20-ford-courier-300x150.png\" alt=\"ford-courier\" \/><\/figure><\/div><div class=\"swiper-slide\" role=\"group\" aria-roledescription=\"slide\" aria-label=\"10 \/ 16\"><figure class=\"swiper-slide-inner\"><img decoding=\"async\" class=\"swiper-slide-image\" src=\"https:\/\/www.civrilrentacar.com\/wp-content\/uploads\/2023\/08\/peugeot_3011-e1691150591883-300x153.jpg\" alt=\"peugeot_301[1]\" \/><\/figure><\/div><div class=\"swiper-slide\" role=\"group\" aria-roledescription=\"slide\" aria-label=\"11 \/ 16\"><figure class=\"swiper-slide-inner\"><img decoding=\"async\" class=\"swiper-slide-image\" src=\"https:\/\/www.civrilrentacar.com\/wp-content\/uploads\/2023\/08\/c5618ffe4295c839c3290aff98fad0491-300x193.jpg\" alt=\"\u00e7ivril sembol\" \/><\/figure><\/div><div class=\"swiper-slide\" role=\"group\" aria-roledescription=\"slide\" aria-label=\"12 \/ 16\"><figure class=\"swiper-slide-inner\"><img decoding=\"async\" class=\"swiper-slide-image\" src=\"https:\/\/www.civrilrentacar.com\/wp-content\/uploads\/2023\/08\/SEMBOL_RESIM1-e1692963768872.jpg\" alt=\"akda\u015f rent a car renault symbol\" \/><\/figure><\/div><div class=\"swiper-slide\" role=\"group\" aria-roledescription=\"slide\" aria-label=\"13 \/ 16\"><figure class=\"swiper-slide-inner\"><img decoding=\"async\" class=\"swiper-slide-image\" src=\"https:\/\/www.civrilrentacar.com\/wp-content\/uploads\/2023\/08\/689072db-8e85-4d5b-903b-9b527df1e697-e1691144566612-300x220.jpg\" alt=\"\u00e7ivril ara\u00e7 kiralama fiat egea\" \/><\/figure><\/div><div class=\"swiper-slide\" role=\"group\" aria-roledescription=\"slide\" aria-label=\"14 \/ 16\"><figure class=\"swiper-slide-inner\"><img decoding=\"async\" class=\"swiper-slide-image\" src=\"https:\/\/www.civrilrentacar.com\/wp-content\/uploads\/2023\/08\/fiorino-1-300x169.jpg\" alt=\"\u00e7ivril rent a car fiorino\" \/><\/figure><\/div><div class=\"swiper-slide\" role=\"group\" aria-roledescription=\"slide\" aria-label=\"15 \/ 16\"><figure class=\"swiper-slide-inner\"><img decoding=\"async\" class=\"swiper-slide-image\" src=\"https:\/\/www.civrilrentacar.com\/wp-content\/uploads\/2023\/07\/RENAULTFluence-4689_16-1-300x200.jpg\" alt=\"RENAULT Fluence\" \/><\/figure><\/div><div class=\"swiper-slide\" role=\"group\" aria-roledescription=\"slide\" aria-label=\"16 \/ 16\"><figure class=\"swiper-slide-inner\"><img decoding=\"async\" class=\"swiper-slide-image\" src=\"https:\/\/www.civrilrentacar.com\/wp-content\/uploads\/2023\/07\/renault-clio-hb-dizel-otomatik508-300x187.jpg\" alt=\"renault-clio-hb-dizel-otomatik508\" \/><\/figure><\/div>\t\t\t<\/div>\n\t\t\t\t\t\t\t\t\t\t\t\t<div class=\"elementor-swiper-button elementor-swiper-button-prev\" role=\"button\" tabindex=\"0\">\n\t\t\t\t\t\t<i aria-hidden=\"true\" class=\"eicon-chevron-left\"><\/i>\t\t\t\t\t<\/div>\n\t\t\t\t\t<div class=\"elementor-swiper-button elementor-swiper-button-next\" role=\"button\" tabindex=\"0\">\n\t\t\t\t\t\t<i aria-hidden=\"true\" class=\"eicon-chevron-right\"><\/i>\t\t\t\t\t<\/div>\n\t\t\t\t\n\t\t\t\t\t\t\t\t\t<div class=\"swiper-pagination\"><\/div>\n\t\t\t\t\t\t\t\t\t<\/div>\n\t\t\t\t<\/div>\n\t\t\t\t<\/div>\n\t\t\t\t\t<\/div>\n\t\t<\/div>\n\t\t\t\t\t<\/div>\n\t\t<\/section>\n\t\t\t\t<section class=\"elementor-section elementor-top-section elementor-element elementor-element-5796e45 elementor-section-boxed elementor-section-height-default elementor-section-height-default\" data-id=\"5796e45\" data-element_type=\"section\" data-settings=\"{&quot;_ha_eqh_enable&quot;:false}\">\n\t\t\t\t\t\t<div class=\"elementor-container elementor-column-gap-default\">\n\t\t\t\t\t<div class=\"elementor-column elementor-col-100 elementor-top-column elementor-element elementor-element-5d04de8\" data-id=\"5d04de8\" data-element_type=\"column\">\n\t\t\t<div class=\"elementor-widget-wrap elementor-element-populated\">\n\t\t\t\t\t\t<div class=\"elementor-element elementor-element-6f06e17 elementor-widget__width-initial elementor-widget elementor-widget-image\" data-id=\"6f06e17\" data-element_type=\"widget\" data-widget_type=\"image.default\">\n\t\t\t\t<div class=\"elementor-widget-container\">\n\t\t\t<style>\/*! elementor - v3.23.0 - 05-08-2024 *\/\n.elementor-widget-image{text-align:center}.elementor-widget-image a{display:inline-block}.elementor-widget-image a img[src$=\".svg\"]{width:48px}.elementor-widget-image img{vertical-align:middle;display:inline-block}<\/style>\t\t\t\t\t\t\t\t\t\t\t<a href=\"http:\/\/www.civrilarackiralama.com\/\">\n\t\t\t\t\t\t\t<img fetchpriority=\"high\" decoding=\"async\" width=\"428\" height=\"194\" src=\"https:\/\/www.civrilrentacar.com\/wp-content\/uploads\/2023\/08\/20230622_2247351-e1692979355359.jpg\" class=\"attachment-2048x2048 size-2048x2048 wp-image-548\" alt=\"\" srcset=\"https:\/\/www.civrilrentacar.com\/wp-content\/uploads\/2023\/08\/20230622_2247351-e1692979355359.jpg 428w, https:\/\/www.civrilrentacar.com\/wp-content\/uploads\/2023\/08\/20230622_2247351-e1692979355359-300x136.jpg 300w\" sizes=\"(max-width: 428px) 100vw, 428px\" \/>\t\t\t\t\t\t\t\t<\/a>\n\t\t\t\t\t\t\t\t\t\t\t\t\t<\/div>\n\t\t\t\t<\/div>\n\t\t\t\t\t<\/div>\n\t\t<\/div>\n\t\t\t\t\t<\/div>\n\t\t<\/section>\n\t\t\t\t<\/div>\n\t\t","protected":false},"excerpt":{"rendered":"<p>Volkswagen Passat\u0130nceleRenault Megane\u0130nceleFord Focus\u0130nceleHyundai Accent Blue\u0130nceleFiat Egea\u0130ncelePeugeot 301\u0130nceleCitroen Elysee\u0130nceleRenault Fluence\u0130nceleRenault Symbol\u0130nceleRenault Clio\u0130nceleFiat Egea Cross\u0130nceleDacia Duster\u0130nceleFord Courier\u0130nceleFiat Fiorino\u0130nceleFiat Doblo\u0130ncele Previous Next<\/p>\n","protected":false},"author":1,"featured_media":0,"parent":0,"menu_order":0,"comment_status":"closed","ping_status":"closed","template":"elementor_header_footer","meta":[],"_links":{"self":[{"href":"https:\/\/www.civrilrentacar.com\/index.php\/wp-json\/wp\/v2\/pages\/12"}],"collection":[{"href":"https:\/\/www.civrilrentacar.com\/index.php\/wp-json\/wp\/v2\/pages"}],"about":[{"href":"https:\/\/www.civrilrentacar.com\/index.php\/wp-json\/wp\/v2\/types\/page"}],"author":[{"embeddable":true,"href":"https:\/\/www.civrilrentacar.com\/index.php\/wp-json\/wp\/v2\/users\/1"}],"replies":[{"embeddable":true,"href":"https:\/\/www.civrilrentacar.com\/index.php\/wp-json\/wp\/v2\/comments?post=12"}],"version-history":[{"count":350,"href":"https:\/\/www.civrilrentacar.com\/index.php\/wp-json\/wp\/v2\/pages\/12\/revisions"}],"predecessor-version":[{"id":1524,"href":"https:\/\/www.civrilrentacar.com\/index.php\/wp-json\/wp\/v2\/pages\/12\/revisions\/1524"}],"wp:attachment":[{"href":"https:\/\/www.civrilrentacar.com\/index.php\/wp-json\/wp\/v2\/media?parent=12"}],"curies":[{"name":"wp","href":"https:\/\/api.w.org\/{rel}","templated":true}]}}