{"id":376,"date":"2023-07-27T06:18:26","date_gmt":"2023-07-27T06:18:26","guid":{"rendered":"http:\/\/www.civrilarackiralama.com\/?page_id=376"},"modified":"2023-08-10T21:33:15","modified_gmt":"2023-08-10T21:33:15","slug":"hakkimizda","status":"publish","type":"page","link":"https:\/\/www.civrilrentacar.com\/index.php\/hakkimizda\/","title":{"rendered":"Hakk\u0131m\u0131zda"},"content":{"rendered":"\t\t<div data-elementor-type=\"wp-page\" data-elementor-id=\"376\" class=\"elementor elementor-376\" data-elementor-settings=\"{&quot;ha_cmc_init_switcher&quot;:&quot;no&quot;}\">\n\t\t\t\t\t\t<section class=\"elementor-section elementor-top-section elementor-element elementor-element-13ddaf9 elementor-section-boxed elementor-section-height-default elementor-section-height-default\" data-id=\"13ddaf9\" data-element_type=\"section\" data-settings=\"{&quot;_ha_eqh_enable&quot;:false}\">\n\t\t\t\t\t\t<div class=\"elementor-container elementor-column-gap-default\">\n\t\t\t\t\t<div class=\"elementor-column elementor-col-100 elementor-top-column elementor-element elementor-element-f35c7a8\" data-id=\"f35c7a8\" data-element_type=\"column\">\n\t\t\t<div class=\"elementor-widget-wrap elementor-element-populated\">\n\t\t\t\t\t\t<div class=\"elementor-element elementor-element-b26a724 elementor-widget elementor-widget-heading\" data-id=\"b26a724\" data-element_type=\"widget\" data-widget_type=\"heading.default\">\n\t\t\t\t<div class=\"elementor-widget-container\">\n\t\t\t<style>\/*! elementor - v3.23.0 - 05-08-2024 *\/\n.elementor-heading-title{padding:0;margin:0;line-height:1}.elementor-widget-heading .elementor-heading-title[class*=elementor-size-]>a{color:inherit;font-size:inherit;line-height:inherit}.elementor-widget-heading .elementor-heading-title.elementor-size-small{font-size:15px}.elementor-widget-heading .elementor-heading-title.elementor-size-medium{font-size:19px}.elementor-widget-heading .elementor-heading-title.elementor-size-large{font-size:29px}.elementor-widget-heading .elementor-heading-title.elementor-size-xl{font-size:39px}.elementor-widget-heading .elementor-heading-title.elementor-size-xxl{font-size:59px}<\/style><h2 class=\"elementor-heading-title elementor-size-default\">Hakk\u0131m\u0131zda<\/h2>\t\t<\/div>\n\t\t\t\t<\/div>\n\t\t\t\t\t<\/div>\n\t\t<\/div>\n\t\t\t\t\t<\/div>\n\t\t<\/section>\n\t\t\t\t<section class=\"elementor-section elementor-top-section elementor-element elementor-element-62b2e29 elementor-section-boxed elementor-section-height-default elementor-section-height-default\" data-id=\"62b2e29\" data-element_type=\"section\" data-settings=\"{&quot;_ha_eqh_enable&quot;:false}\">\n\t\t\t\t\t\t<div class=\"elementor-container elementor-column-gap-default\">\n\t\t\t\t\t<div class=\"elementor-column elementor-col-100 elementor-top-column elementor-element elementor-element-a3a308e\" data-id=\"a3a308e\" data-element_type=\"column\">\n\t\t\t<div class=\"elementor-widget-wrap elementor-element-populated\">\n\t\t\t\t\t\t<div class=\"elementor-element elementor-element-a664c4a elementor-widget elementor-widget-text-editor\" data-id=\"a664c4a\" data-element_type=\"widget\" data-widget_type=\"text-editor.default\">\n\t\t\t\t<div class=\"elementor-widget-container\">\n\t\t\t<style>\/*! elementor - v3.23.0 - 05-08-2024 *\/\n.elementor-widget-text-editor.elementor-drop-cap-view-stacked .elementor-drop-cap{background-color:#69727d;color:#fff}.elementor-widget-text-editor.elementor-drop-cap-view-framed .elementor-drop-cap{color:#69727d;border:3px solid;background-color:transparent}.elementor-widget-text-editor:not(.elementor-drop-cap-view-default) .elementor-drop-cap{margin-top:8px}.elementor-widget-text-editor:not(.elementor-drop-cap-view-default) .elementor-drop-cap-letter{width:1em;height:1em}.elementor-widget-text-editor .elementor-drop-cap{float:left;text-align:center;line-height:1;font-size:50px}.elementor-widget-text-editor .elementor-drop-cap-letter{display:inline-block}<\/style>\t\t\t\t<p>Firmam\u0131z; <i><b>AKDA\u015e RENT A CAR<\/b><\/i> 2017 y\u0131l\u0131nda ara\u00e7 kiralama sekt\u00f6r\u00fcnde yerini alm\u0131\u015ft\u0131r. Ticari politikam\u0131z her zaman uygun fiyat,s\u0131n\u0131rs\u0131z hizmet,kalite,g\u00fcven ve d\u00fcr\u00fcstl\u00fc\u011fe dayanmaktad\u0131r.<br>Sekt\u00f6rde &#8220;\u00d6nce M\u00fc\u015fteri Memnuniyeti&#8221; diyerek yola \u00e7\u0131kan firmam\u0131z, gen\u00e7 ara\u00e7 filosu ve g\u00fcler y\u00fczl\u00fc kadrosuyla siz m\u00fc\u015fterilerimizin problemsiz, g\u00fcvenli, rahat ve ekonomik Ara\u00e7 Kiralama hizmeti alman\u0131z i\u00e7in \u00e7aba g\u00f6stermektedir. Ara\u00e7 Kiralama Sekt\u00f6r\u00fcnde eksikli\u011fi hissedilen g\u00fcvenli ara\u00e7, hizmet kalitesi ve ekonomik fiyat \u00fc\u00e7l\u00fcs\u00fcn\u00fc&nbsp;&nbsp;<i><b>AKDA\u015e RENT A CAR&nbsp;<\/b><\/i>&#8216;da bulacaks\u0131n\u0131z.<\/p>\n<p><b><i>M\u0130SYONOMUZ<\/i><\/b><\/p>\n<p>M\u00fc\u015fteri ihtiya\u00e7 ve beklentilerini en iyi \u015fekilde anlayarak, onlara en do\u011fru kanaldan en uygun \u00e7\u00f6z\u00fcm ve \u00f6nerilerini sunan, yayg\u0131n hizmet a\u011f\u0131 ve alternatif da\u011f\u0131t\u0131m kanallar\u0131 ile geni\u015f \u00fcr\u00fcn ve hizmet yelpazesini, hizmet bekleyen her sekt\u00f6re en h\u0131zl\u0131 ve en etkin \u015fekilde ula\u015ft\u0131ran,&nbsp; s\u00fcrd\u00fcr\u00fclebilir ve uzun y\u0131llara dayanan bir kal\u0131c\u0131l\u0131kla, m\u00fc\u015fteri memnuniyetini her \u015feyden \u00fcst\u00fcn tutan bir \u015firket olmakt\u0131r.<\/p>\n<p><b><i>V\u0130ZYONUMUZ<\/i><\/b><\/p>\n<p>T\u00fcrkiye\u2019 de yayg\u0131n, g\u00fcvenilir ve kaliteli hizmet sunan, her sekt\u00f6rde ki firmalar\u0131n ve bireysel m\u00fc\u015fterilerimizin ara\u00e7 kiralama konusunda \u00e7\u00f6z\u00fcm orta\u011f\u0131 olan, m\u00fc\u015fteri ve insan kayna\u011f\u0131n\u0131 en de\u011ferli aktifi olarak kabul eden, k\u00f6kl\u00fc ge\u00e7mi\u015fine yak\u0131\u015f\u0131r \u015fekilde s\u00fcrekli olarak fark ve de\u011fer yaratan, rakiplerinin \u00f6rnek ald\u0131\u011f\u0131, her a\u015famada bir kiralama \u015firketi olmaktan daha fazlas\u0131n\u0131 vaat eden, Kaliteli, G\u00fcvenilir, Sayg\u0131n ve piyasa de\u011feri y\u00fcksek, lider bir \u015firket olmakt\u0131r.<\/p>\t\t\t\t\t\t<\/div>\n\t\t\t\t<\/div>\n\t\t\t\t<div class=\"elementor-element elementor-element-683c693 elementor-widget elementor-widget-image\" data-id=\"683c693\" data-element_type=\"widget\" data-widget_type=\"image.default\">\n\t\t\t\t<div class=\"elementor-widget-container\">\n\t\t\t<style>\/*! elementor - v3.23.0 - 05-08-2024 *\/\n.elementor-widget-image{text-align:center}.elementor-widget-image a{display:inline-block}.elementor-widget-image a img[src$=\".svg\"]{width:48px}.elementor-widget-image img{vertical-align:middle;display:inline-block}<\/style>\t\t\t\t\t\t\t\t\t\t<img fetchpriority=\"high\" decoding=\"async\" width=\"528\" height=\"220\" src=\"https:\/\/www.civrilrentacar.com\/wp-content\/uploads\/2023\/07\/akdas.png\" class=\"attachment-medium_large size-medium_large wp-image-205\" alt=\"\" srcset=\"https:\/\/www.civrilrentacar.com\/wp-content\/uploads\/2023\/07\/akdas.png 528w, https:\/\/www.civrilrentacar.com\/wp-content\/uploads\/2023\/07\/akdas-300x125.png 300w\" sizes=\"(max-width: 528px) 100vw, 528px\" \/>\t\t\t\t\t\t\t\t\t\t\t\t\t<\/div>\n\t\t\t\t<\/div>\n\t\t\t\t\t<\/div>\n\t\t<\/div>\n\t\t\t\t\t<\/div>\n\t\t<\/section>\n\t\t\t\t<\/div>\n\t\t","protected":false},"excerpt":{"rendered":"<p>Hakk\u0131m\u0131zda Firmam\u0131z; AKDA\u015e RENT A CAR 2017 y\u0131l\u0131nda ara\u00e7 kiralama sekt\u00f6r\u00fcnde yerini alm\u0131\u015ft\u0131r. Ticari politikam\u0131z her zaman uygun fiyat,s\u0131n\u0131rs\u0131z hizmet,kalite,g\u00fcven ve d\u00fcr\u00fcstl\u00fc\u011fe dayanmaktad\u0131r.Sekt\u00f6rde &#8220;\u00d6nce M\u00fc\u015fteri Memnuniyeti&#8221; diyerek yola \u00e7\u0131kan firmam\u0131z, gen\u00e7 ara\u00e7 filosu ve g\u00fcler y\u00fczl\u00fc kadrosuyla siz m\u00fc\u015fterilerimizin problemsiz, g\u00fcvenli, rahat ve ekonomik Ara\u00e7 Kiralama hizmeti alman\u0131z i\u00e7in \u00e7aba g\u00f6stermektedir. Ara\u00e7 Kiralama Sekt\u00f6r\u00fcnde eksikli\u011fi [&hellip;]<\/p>\n","protected":false},"author":1,"featured_media":0,"parent":0,"menu_order":0,"comment_status":"closed","ping_status":"closed","template":"elementor_canvas","meta":[],"_links":{"self":[{"href":"https:\/\/www.civrilrentacar.com\/index.php\/wp-json\/wp\/v2\/pages\/376"}],"collection":[{"href":"https:\/\/www.civrilrentacar.com\/index.php\/wp-json\/wp\/v2\/pages"}],"about":[{"href":"https:\/\/www.civrilrentacar.com\/index.php\/wp-json\/wp\/v2\/types\/page"}],"author":[{"embeddable":true,"href":"https:\/\/www.civrilrentacar.com\/index.php\/wp-json\/wp\/v2\/users\/1"}],"replies":[{"embeddable":true,"href":"https:\/\/www.civrilrentacar.com\/index.php\/wp-json\/wp\/v2\/comments?post=376"}],"version-history":[{"count":22,"href":"https:\/\/www.civrilrentacar.com\/index.php\/wp-json\/wp\/v2\/pages\/376\/revisions"}],"predecessor-version":[{"id":801,"href":"https:\/\/www.civrilrentacar.com\/index.php\/wp-json\/wp\/v2\/pages\/376\/revisions\/801"}],"wp:attachment":[{"href":"https:\/\/www.civrilrentacar.com\/index.php\/wp-json\/wp\/v2\/media?parent=376"}],"curies":[{"name":"wp","href":"https:\/\/api.w.org\/{rel}","templated":true}]}}