{"id":421,"date":"2023-08-02T06:06:49","date_gmt":"2023-08-02T06:06:49","guid":{"rendered":"http:\/\/www.civrilarackiralama.com\/?page_id=421"},"modified":"2023-08-25T12:09:16","modified_gmt":"2023-08-25T12:09:16","slug":"araclarimiz","status":"publish","type":"page","link":"https:\/\/www.civrilrentacar.com\/index.php\/araclarimiz\/","title":{"rendered":"Ara\u00e7lar\u0131m\u0131z"},"content":{"rendered":"\t\t<div data-elementor-type=\"wp-page\" data-elementor-id=\"421\" class=\"elementor elementor-421\" data-elementor-settings=\"{&quot;ha_cmc_init_switcher&quot;:&quot;no&quot;}\">\n\t\t\t\t\t\t<section class=\"elementor-section elementor-top-section elementor-element elementor-element-8faf9dd elementor-section-boxed elementor-section-height-default elementor-section-height-default\" data-id=\"8faf9dd\" data-element_type=\"section\" data-settings=\"{&quot;_ha_eqh_enable&quot;:false}\">\n\t\t\t\t\t\t<div class=\"elementor-container elementor-column-gap-default\">\n\t\t\t\t\t<div class=\"elementor-column elementor-col-100 elementor-top-column elementor-element elementor-element-727f7aa\" data-id=\"727f7aa\" data-element_type=\"column\">\n\t\t\t<div class=\"elementor-widget-wrap elementor-element-populated\">\n\t\t\t\t\t\t<div class=\"elementor-element elementor-element-58adc90 ha-pg-grid-3 ha-pg-grid-tablet-2 ha-pg-grid-mobile-1 elementor-widget elementor-widget-ha-post-grid-new happy-addon ha-post-grid-new happy-addon-pro\" data-id=\"58adc90\" data-element_type=\"widget\" data-settings=\"{&quot;columns&quot;:&quot;3&quot;,&quot;columns_tablet&quot;:&quot;2&quot;,&quot;columns_mobile&quot;:&quot;1&quot;}\" data-widget_type=\"ha-post-grid-new.default\">\n\t\t\t\t<div class=\"elementor-widget-container\">\n\t\t\t\t\t\t\t\t\t<div class=\"ha-pg-wrapper ha-pg-default ha-pg-standard\">\n\t\t\t\t\t<div class=\"ha-pg-grid-wrap\">\n\t\t\t\t\t\n\t\t\t\t\t\t\t\t<div class=\"ha-pg-item\">\n\t\t\t\t\t\t\t<div class=\"ha-pg-thumb-area\">\n\t\t\t\t\t<a href=\"https:\/\/www.civrilrentacar.com\/index.php\/2023\/09\/13\/fiat-doblo\/\" class=\"ha-pg-thumb\">\n\t\t\t\t\t\t<img fetchpriority=\"high\" width=\"800\" height=\"450\" src=\"https:\/\/www.civrilrentacar.com\/wp-content\/uploads\/2023\/08\/fiat-doblo-1024x576.jpg\" class=\"attachment-large size-large wp-post-image\" alt=\"\" decoding=\"async\" srcset=\"https:\/\/www.civrilrentacar.com\/wp-content\/uploads\/2023\/08\/fiat-doblo-1024x576.jpg 1024w, https:\/\/www.civrilrentacar.com\/wp-content\/uploads\/2023\/08\/fiat-doblo-300x169.jpg 300w, https:\/\/www.civrilrentacar.com\/wp-content\/uploads\/2023\/08\/fiat-doblo-768x432.jpg 768w, https:\/\/www.civrilrentacar.com\/wp-content\/uploads\/2023\/08\/fiat-doblo.jpg 1200w\" sizes=\"(max-width: 800px) 100vw, 800px\" \/>                    <\/a>\n                    <div class=\"ha-pg-readmore\"><a href=\"https:\/\/www.civrilrentacar.com\/index.php\/2023\/09\/13\/fiat-doblo\/\" target=\"_self\">\u0130ncele<\/a><\/div>                <\/div>\n\t\t\t\t\t\t<div class=\"ha-pg-content-area\">\n\t\t\t\t\n\t\t\t\t<h4 class=\"ha-pg-title\"><a href=\"https:\/\/www.civrilrentacar.com\/index.php\/2023\/09\/13\/fiat-doblo\/\">Fiat Doblo<\/a><\/h4>\n\t\t\t\t\t\t\t<\/div>\n        <\/div>\n\t\n\t\t\t\t\t\n\t\t\t\t\t\t\t\t<div class=\"ha-pg-item\">\n\t\t\t\t\t\t\t<div class=\"ha-pg-thumb-area\">\n\t\t\t\t\t<a href=\"https:\/\/www.civrilrentacar.com\/index.php\/2023\/09\/13\/fiat-fiorino\/\" class=\"ha-pg-thumb\">\n\t\t\t\t\t\t<img width=\"800\" height=\"450\" src=\"https:\/\/www.civrilrentacar.com\/wp-content\/uploads\/2023\/08\/fiorino-1-1024x576.jpg\" class=\"attachment-large size-large wp-post-image\" alt=\"\" decoding=\"async\" srcset=\"https:\/\/www.civrilrentacar.com\/wp-content\/uploads\/2023\/08\/fiorino-1-1024x576.jpg 1024w, https:\/\/www.civrilrentacar.com\/wp-content\/uploads\/2023\/08\/fiorino-1-300x169.jpg 300w, https:\/\/www.civrilrentacar.com\/wp-content\/uploads\/2023\/08\/fiorino-1-768x432.jpg 768w, https:\/\/www.civrilrentacar.com\/wp-content\/uploads\/2023\/08\/fiorino-1.jpg 1366w\" sizes=\"(max-width: 800px) 100vw, 800px\" \/>                    <\/a>\n                    <div class=\"ha-pg-readmore\"><a href=\"https:\/\/www.civrilrentacar.com\/index.php\/2023\/09\/13\/fiat-fiorino\/\" target=\"_self\">\u0130ncele<\/a><\/div>                <\/div>\n\t\t\t\t\t\t<div class=\"ha-pg-content-area\">\n\t\t\t\t\n\t\t\t\t<h4 class=\"ha-pg-title\"><a href=\"https:\/\/www.civrilrentacar.com\/index.php\/2023\/09\/13\/fiat-fiorino\/\">Fiat Fiorino<\/a><\/h4>\n\t\t\t\t\t\t\t<\/div>\n        <\/div>\n\t\n\t\t\t\t\t\n\t\t\t\t\t\t\t\t<div class=\"ha-pg-item\">\n\t\t\t\t\t\t\t<div class=\"ha-pg-thumb-area\">\n\t\t\t\t\t<a href=\"https:\/\/www.civrilrentacar.com\/index.php\/2023\/09\/13\/ford-courier\/\" class=\"ha-pg-thumb\">\n\t\t\t\t\t\t<img width=\"800\" height=\"400\" src=\"https:\/\/www.civrilrentacar.com\/wp-content\/uploads\/2023\/08\/17-36-20-ford-courier.png\" class=\"attachment-large size-large wp-post-image\" alt=\"\" decoding=\"async\" srcset=\"https:\/\/www.civrilrentacar.com\/wp-content\/uploads\/2023\/08\/17-36-20-ford-courier.png 940w, https:\/\/www.civrilrentacar.com\/wp-content\/uploads\/2023\/08\/17-36-20-ford-courier-300x150.png 300w, https:\/\/www.civrilrentacar.com\/wp-content\/uploads\/2023\/08\/17-36-20-ford-courier-768x384.png 768w\" sizes=\"(max-width: 800px) 100vw, 800px\" \/>                    <\/a>\n                    <div class=\"ha-pg-readmore\"><a href=\"https:\/\/www.civrilrentacar.com\/index.php\/2023\/09\/13\/ford-courier\/\" target=\"_self\">\u0130ncele<\/a><\/div>                <\/div>\n\t\t\t\t\t\t<div class=\"ha-pg-content-area\">\n\t\t\t\t\n\t\t\t\t<h4 class=\"ha-pg-title\"><a href=\"https:\/\/www.civrilrentacar.com\/index.php\/2023\/09\/13\/ford-courier\/\">Ford Courier<\/a><\/h4>\n\t\t\t\t\t\t\t<\/div>\n        <\/div>\n\t\n\t\t\t\t\t\n\t\t\t\t\t\t\t\t<div class=\"ha-pg-item\">\n\t\t\t\t\t\t\t<div class=\"ha-pg-thumb-area\">\n\t\t\t\t\t<a href=\"https:\/\/www.civrilrentacar.com\/index.php\/2023\/09\/13\/dacia-duster\/\" class=\"ha-pg-thumb\">\n\t\t\t\t\t\t<img loading=\"lazy\" width=\"713\" height=\"335\" src=\"https:\/\/www.civrilrentacar.com\/wp-content\/uploads\/2023\/08\/dacia-duster.webp\" class=\"attachment-large size-large wp-post-image\" alt=\"\" decoding=\"async\" srcset=\"https:\/\/www.civrilrentacar.com\/wp-content\/uploads\/2023\/08\/dacia-duster.webp 713w, https:\/\/www.civrilrentacar.com\/wp-content\/uploads\/2023\/08\/dacia-duster-300x141.webp 300w\" sizes=\"(max-width: 713px) 100vw, 713px\" \/>                    <\/a>\n                    <div class=\"ha-pg-readmore\"><a href=\"https:\/\/www.civrilrentacar.com\/index.php\/2023\/09\/13\/dacia-duster\/\" target=\"_self\">\u0130ncele<\/a><\/div>                <\/div>\n\t\t\t\t\t\t<div class=\"ha-pg-content-area\">\n\t\t\t\t\n\t\t\t\t<h4 class=\"ha-pg-title\"><a href=\"https:\/\/www.civrilrentacar.com\/index.php\/2023\/09\/13\/dacia-duster\/\">Dacia Duster<\/a><\/h4>\n\t\t\t\t\t\t\t<\/div>\n        <\/div>\n\t\n\t\t\t\t\t\n\t\t\t\t\t\t\t\t<div class=\"ha-pg-item\">\n\t\t\t\t\t\t\t<div class=\"ha-pg-thumb-area\">\n\t\t\t\t\t<a href=\"https:\/\/www.civrilrentacar.com\/index.php\/2023\/09\/13\/fiat-egea-cross\/\" class=\"ha-pg-thumb\">\n\t\t\t\t\t\t<img loading=\"lazy\" width=\"680\" height=\"430\" src=\"https:\/\/www.civrilrentacar.com\/wp-content\/uploads\/2023\/08\/egea-croos.png\" class=\"attachment-large size-large wp-post-image\" alt=\"\" decoding=\"async\" srcset=\"https:\/\/www.civrilrentacar.com\/wp-content\/uploads\/2023\/08\/egea-croos.png 680w, https:\/\/www.civrilrentacar.com\/wp-content\/uploads\/2023\/08\/egea-croos-300x190.png 300w\" sizes=\"(max-width: 680px) 100vw, 680px\" \/>                    <\/a>\n                    <div class=\"ha-pg-readmore\"><a href=\"https:\/\/www.civrilrentacar.com\/index.php\/2023\/09\/13\/fiat-egea-cross\/\" target=\"_self\">\u0130ncele<\/a><\/div>                <\/div>\n\t\t\t\t\t\t<div class=\"ha-pg-content-area\">\n\t\t\t\t\n\t\t\t\t<h4 class=\"ha-pg-title\"><a href=\"https:\/\/www.civrilrentacar.com\/index.php\/2023\/09\/13\/fiat-egea-cross\/\">Fiat Egea Cross<\/a><\/h4>\n\t\t\t\t\t\t\t<\/div>\n        <\/div>\n\t\n\t\t\t\t\t\n\t\t\t\t\t\t\t\t<div class=\"ha-pg-item\">\n\t\t\t\t\t\t\t<div class=\"ha-pg-thumb-area\">\n\t\t\t\t\t<a href=\"https:\/\/www.civrilrentacar.com\/index.php\/2023\/09\/13\/renault-symbol\/\" class=\"ha-pg-thumb\">\n\t\t\t\t\t\t<img loading=\"lazy\" width=\"261\" height=\"193\" src=\"https:\/\/www.civrilrentacar.com\/wp-content\/uploads\/2023\/08\/SEMBOL_RESIM1-e1692963768872.jpg\" class=\"attachment-large size-large wp-post-image\" alt=\"\" decoding=\"async\" \/>                    <\/a>\n                    <div class=\"ha-pg-readmore\"><a href=\"https:\/\/www.civrilrentacar.com\/index.php\/2023\/09\/13\/renault-symbol\/\" target=\"_self\">\u0130ncele<\/a><\/div>                <\/div>\n\t\t\t\t\t\t<div class=\"ha-pg-content-area\">\n\t\t\t\t\n\t\t\t\t<h4 class=\"ha-pg-title\"><a href=\"https:\/\/www.civrilrentacar.com\/index.php\/2023\/09\/13\/renault-symbol\/\">Renault Symbol<\/a><\/h4>\n\t\t\t\t\t\t\t<\/div>\n        <\/div>\n\t\n\t\t\t\t\t\n\t\t\t\t\t\t\t\t<div class=\"ha-pg-item\">\n\t\t\t\t\t\t\t<div class=\"ha-pg-thumb-area\">\n\t\t\t\t\t<a href=\"https:\/\/www.civrilrentacar.com\/index.php\/2023\/09\/03\/renault-fluance\/\" class=\"ha-pg-thumb\">\n\t\t\t\t\t\t<img loading=\"lazy\" width=\"800\" height=\"534\" src=\"https:\/\/www.civrilrentacar.com\/wp-content\/uploads\/2023\/07\/RENAULTFluence-4689_16-1-1024x683.jpg\" class=\"attachment-large size-large wp-post-image\" alt=\"\" decoding=\"async\" srcset=\"https:\/\/www.civrilrentacar.com\/wp-content\/uploads\/2023\/07\/RENAULTFluence-4689_16-1-1024x683.jpg 1024w, https:\/\/www.civrilrentacar.com\/wp-content\/uploads\/2023\/07\/RENAULTFluence-4689_16-1-300x200.jpg 300w, https:\/\/www.civrilrentacar.com\/wp-content\/uploads\/2023\/07\/RENAULTFluence-4689_16-1-768x512.jpg 768w, https:\/\/www.civrilrentacar.com\/wp-content\/uploads\/2023\/07\/RENAULTFluence-4689_16-1-1536x1024.jpg 1536w, https:\/\/www.civrilrentacar.com\/wp-content\/uploads\/2023\/07\/RENAULTFluence-4689_16-1-600x400.jpg 600w, https:\/\/www.civrilrentacar.com\/wp-content\/uploads\/2023\/07\/RENAULTFluence-4689_16-1.jpg 1920w\" sizes=\"(max-width: 800px) 100vw, 800px\" \/>                    <\/a>\n                    <div class=\"ha-pg-readmore\"><a href=\"https:\/\/www.civrilrentacar.com\/index.php\/2023\/09\/03\/renault-fluance\/\" target=\"_self\">\u0130ncele<\/a><\/div>                <\/div>\n\t\t\t\t\t\t<div class=\"ha-pg-content-area\">\n\t\t\t\t\n\t\t\t\t<h4 class=\"ha-pg-title\"><a href=\"https:\/\/www.civrilrentacar.com\/index.php\/2023\/09\/03\/renault-fluance\/\">Renault Fluance<\/a><\/h4>\n\t\t\t\t\t\t\t<\/div>\n        <\/div>\n\t\n\t\t\t\t\t\n\t\t\t\t\t\t\t\t<div class=\"ha-pg-item\">\n\t\t\t\t\t\t\t<div class=\"ha-pg-thumb-area\">\n\t\t\t\t\t<a href=\"https:\/\/www.civrilrentacar.com\/index.php\/2023\/08\/25\/hyundai-accent-blue\/\" class=\"ha-pg-thumb\">\n\t\t\t\t\t\t<img loading=\"lazy\" width=\"800\" height=\"481\" src=\"https:\/\/www.civrilrentacar.com\/wp-content\/uploads\/2023\/08\/accentblue1-1024x616.jpg\" class=\"attachment-large size-large wp-post-image\" alt=\"\" decoding=\"async\" srcset=\"https:\/\/www.civrilrentacar.com\/wp-content\/uploads\/2023\/08\/accentblue1-1024x616.jpg 1024w, https:\/\/www.civrilrentacar.com\/wp-content\/uploads\/2023\/08\/accentblue1-300x180.jpg 300w, https:\/\/www.civrilrentacar.com\/wp-content\/uploads\/2023\/08\/accentblue1-768x462.jpg 768w, https:\/\/www.civrilrentacar.com\/wp-content\/uploads\/2023\/08\/accentblue1-1536x924.jpg 1536w, https:\/\/www.civrilrentacar.com\/wp-content\/uploads\/2023\/08\/accentblue1.jpg 1589w\" sizes=\"(max-width: 800px) 100vw, 800px\" \/>                    <\/a>\n                    <div class=\"ha-pg-readmore\"><a href=\"https:\/\/www.civrilrentacar.com\/index.php\/2023\/08\/25\/hyundai-accent-blue\/\" target=\"_self\">\u0130ncele<\/a><\/div>                <\/div>\n\t\t\t\t\t\t<div class=\"ha-pg-content-area\">\n\t\t\t\t\n\t\t\t\t<h4 class=\"ha-pg-title\"><a href=\"https:\/\/www.civrilrentacar.com\/index.php\/2023\/08\/25\/hyundai-accent-blue\/\">Hyundai Accent Blue<\/a><\/h4>\n\t\t\t\t\t\t\t<\/div>\n        <\/div>\n\t\n\t\t\t\t\t\n\t\t\t\t\t\t\t\t<div class=\"ha-pg-item\">\n\t\t\t\t\t\t\t<div class=\"ha-pg-thumb-area\">\n\t\t\t\t\t<a href=\"https:\/\/www.civrilrentacar.com\/index.php\/2023\/08\/25\/fiat-egea\/\" class=\"ha-pg-thumb\">\n\t\t\t\t\t\t<img loading=\"lazy\" width=\"720\" height=\"528\" src=\"https:\/\/www.civrilrentacar.com\/wp-content\/uploads\/2023\/08\/689072db-8e85-4d5b-903b-9b527df1e697-e1691144566612.jpg\" class=\"attachment-large size-large wp-post-image\" alt=\"\" decoding=\"async\" srcset=\"https:\/\/www.civrilrentacar.com\/wp-content\/uploads\/2023\/08\/689072db-8e85-4d5b-903b-9b527df1e697-e1691144566612.jpg 720w, https:\/\/www.civrilrentacar.com\/wp-content\/uploads\/2023\/08\/689072db-8e85-4d5b-903b-9b527df1e697-e1691144566612-300x220.jpg 300w\" sizes=\"(max-width: 720px) 100vw, 720px\" \/>                    <\/a>\n                    <div class=\"ha-pg-readmore\"><a href=\"https:\/\/www.civrilrentacar.com\/index.php\/2023\/08\/25\/fiat-egea\/\" target=\"_self\">\u0130ncele<\/a><\/div>                <\/div>\n\t\t\t\t\t\t<div class=\"ha-pg-content-area\">\n\t\t\t\t\n\t\t\t\t<h4 class=\"ha-pg-title\"><a href=\"https:\/\/www.civrilrentacar.com\/index.php\/2023\/08\/25\/fiat-egea\/\">Fiat Egea<\/a><\/h4>\n\t\t\t\t\t\t\t<\/div>\n        <\/div>\n\t\n\t\t\t\t\t\n\t\t\t\t\t\t\t\t<div class=\"ha-pg-item\">\n\t\t\t\t\t\t\t<div class=\"ha-pg-thumb-area\">\n\t\t\t\t\t<a href=\"https:\/\/www.civrilrentacar.com\/index.php\/2023\/08\/25\/volkswagen-passat\/\" class=\"ha-pg-thumb\">\n\t\t\t\t\t\t<img loading=\"lazy\" width=\"800\" height=\"606\" src=\"https:\/\/www.civrilrentacar.com\/wp-content\/uploads\/2023\/08\/passat.jpg\" class=\"attachment-large size-large wp-post-image\" alt=\"\" decoding=\"async\" srcset=\"https:\/\/www.civrilrentacar.com\/wp-content\/uploads\/2023\/08\/passat.jpg 900w, https:\/\/www.civrilrentacar.com\/wp-content\/uploads\/2023\/08\/passat-300x227.jpg 300w, https:\/\/www.civrilrentacar.com\/wp-content\/uploads\/2023\/08\/passat-768x582.jpg 768w\" sizes=\"(max-width: 800px) 100vw, 800px\" \/>                    <\/a>\n                    <div class=\"ha-pg-readmore\"><a href=\"https:\/\/www.civrilrentacar.com\/index.php\/2023\/08\/25\/volkswagen-passat\/\" target=\"_self\">\u0130ncele<\/a><\/div>                <\/div>\n\t\t\t\t\t\t<div class=\"ha-pg-content-area\">\n\t\t\t\t\n\t\t\t\t<h4 class=\"ha-pg-title\"><a href=\"https:\/\/www.civrilrentacar.com\/index.php\/2023\/08\/25\/volkswagen-passat\/\">Volkswagen Passat<\/a><\/h4>\n\t\t\t\t\t\t\t<\/div>\n        <\/div>\n\t\n\t\t\t\t\t\n\t\t\t\t\t\t\t\t<div class=\"ha-pg-item\">\n\t\t\t\t\t\t\t<div class=\"ha-pg-thumb-area\">\n\t\t\t\t\t<a href=\"https:\/\/www.civrilrentacar.com\/index.php\/2023\/08\/25\/ford-focus\/\" class=\"ha-pg-thumb\">\n\t\t\t\t\t\t<img loading=\"lazy\" width=\"600\" height=\"380\" src=\"https:\/\/www.civrilrentacar.com\/wp-content\/uploads\/2023\/08\/focus.png\" class=\"attachment-large size-large wp-post-image\" alt=\"\" decoding=\"async\" srcset=\"https:\/\/www.civrilrentacar.com\/wp-content\/uploads\/2023\/08\/focus.png 600w, https:\/\/www.civrilrentacar.com\/wp-content\/uploads\/2023\/08\/focus-300x190.png 300w\" sizes=\"(max-width: 600px) 100vw, 600px\" \/>                    <\/a>\n                    <div class=\"ha-pg-readmore\"><a href=\"https:\/\/www.civrilrentacar.com\/index.php\/2023\/08\/25\/ford-focus\/\" target=\"_self\">\u0130ncele<\/a><\/div>                <\/div>\n\t\t\t\t\t\t<div class=\"ha-pg-content-area\">\n\t\t\t\t\n\t\t\t\t<h4 class=\"ha-pg-title\"><a href=\"https:\/\/www.civrilrentacar.com\/index.php\/2023\/08\/25\/ford-focus\/\">Ford Focus<\/a><\/h4>\n\t\t\t\t\t\t\t<\/div>\n        <\/div>\n\t\n\t\t\t\t\t\n\t\t\t\t\t\t\t\t<div class=\"ha-pg-item\">\n\t\t\t\t\t\t\t<div class=\"ha-pg-thumb-area\">\n\t\t\t\t\t<a href=\"https:\/\/www.civrilrentacar.com\/index.php\/2023\/08\/25\/citroen-elysee\/\" class=\"ha-pg-thumb\">\n\t\t\t\t\t\t<img loading=\"lazy\" width=\"736\" height=\"414\" src=\"https:\/\/www.civrilrentacar.com\/wp-content\/uploads\/2023\/08\/citroen-c-elysee-736x414-1.jpg\" class=\"attachment-large size-large wp-post-image\" alt=\"\" decoding=\"async\" srcset=\"https:\/\/www.civrilrentacar.com\/wp-content\/uploads\/2023\/08\/citroen-c-elysee-736x414-1.jpg 736w, https:\/\/www.civrilrentacar.com\/wp-content\/uploads\/2023\/08\/citroen-c-elysee-736x414-1-300x169.jpg 300w\" sizes=\"(max-width: 736px) 100vw, 736px\" \/>                    <\/a>\n                    <div class=\"ha-pg-readmore\"><a href=\"https:\/\/www.civrilrentacar.com\/index.php\/2023\/08\/25\/citroen-elysee\/\" target=\"_self\">\u0130ncele<\/a><\/div>                <\/div>\n\t\t\t\t\t\t<div class=\"ha-pg-content-area\">\n\t\t\t\t\n\t\t\t\t<h4 class=\"ha-pg-title\"><a href=\"https:\/\/www.civrilrentacar.com\/index.php\/2023\/08\/25\/citroen-elysee\/\">Citroen Elysee<\/a><\/h4>\n\t\t\t\t\t\t\t<\/div>\n        <\/div>\n\t\n\t\t\t\t\t\n\t\t\t\t\t\t\t\t<div class=\"ha-pg-item\">\n\t\t\t\t\t\t\t<div class=\"ha-pg-thumb-area\">\n\t\t\t\t\t<a href=\"https:\/\/www.civrilrentacar.com\/index.php\/2023\/08\/25\/peugeot-301\/\" class=\"ha-pg-thumb\">\n\t\t\t\t\t\t<img loading=\"lazy\" width=\"800\" height=\"407\" src=\"https:\/\/www.civrilrentacar.com\/wp-content\/uploads\/2023\/08\/peugeot_3011-e1691150591883-1024x521.jpg\" class=\"attachment-large size-large wp-post-image\" alt=\"\" decoding=\"async\" srcset=\"https:\/\/www.civrilrentacar.com\/wp-content\/uploads\/2023\/08\/peugeot_3011-e1691150591883-1024x521.jpg 1024w, https:\/\/www.civrilrentacar.com\/wp-content\/uploads\/2023\/08\/peugeot_3011-e1691150591883-300x153.jpg 300w, https:\/\/www.civrilrentacar.com\/wp-content\/uploads\/2023\/08\/peugeot_3011-e1691150591883-768x391.jpg 768w, https:\/\/www.civrilrentacar.com\/wp-content\/uploads\/2023\/08\/peugeot_3011-e1691150591883.jpg 1080w\" sizes=\"(max-width: 800px) 100vw, 800px\" \/>                    <\/a>\n                    <div class=\"ha-pg-readmore\"><a href=\"https:\/\/www.civrilrentacar.com\/index.php\/2023\/08\/25\/peugeot-301\/\" target=\"_self\">\u0130ncele<\/a><\/div>                <\/div>\n\t\t\t\t\t\t<div class=\"ha-pg-content-area\">\n\t\t\t\t\n\t\t\t\t<h4 class=\"ha-pg-title\"><a href=\"https:\/\/www.civrilrentacar.com\/index.php\/2023\/08\/25\/peugeot-301\/\">Peugeot 301<\/a><\/h4>\n\t\t\t\t\t\t\t<\/div>\n        <\/div>\n\t\n\t\t\t\t\t\n\t\t\t\t\t\t\t\t<div class=\"ha-pg-item\">\n\t\t\t\t\t\t\t<div class=\"ha-pg-thumb-area\">\n\t\t\t\t\t<a href=\"https:\/\/www.civrilrentacar.com\/index.php\/2023\/08\/25\/renault-megane\/\" class=\"ha-pg-thumb\">\n\t\t\t\t\t\t<img loading=\"lazy\" width=\"630\" height=\"300\" src=\"https:\/\/www.civrilrentacar.com\/wp-content\/uploads\/2023\/08\/megane.jpg\" class=\"attachment-large size-large wp-post-image\" alt=\"\" decoding=\"async\" srcset=\"https:\/\/www.civrilrentacar.com\/wp-content\/uploads\/2023\/08\/megane.jpg 630w, https:\/\/www.civrilrentacar.com\/wp-content\/uploads\/2023\/08\/megane-300x143.jpg 300w\" sizes=\"(max-width: 630px) 100vw, 630px\" \/>                    <\/a>\n                    <div class=\"ha-pg-readmore\"><a href=\"https:\/\/www.civrilrentacar.com\/index.php\/2023\/08\/25\/renault-megane\/\" target=\"_self\">\u0130ncele<\/a><\/div>                <\/div>\n\t\t\t\t\t\t<div class=\"ha-pg-content-area\">\n\t\t\t\t\n\t\t\t\t<h4 class=\"ha-pg-title\"><a href=\"https:\/\/www.civrilrentacar.com\/index.php\/2023\/08\/25\/renault-megane\/\">Renault Megane<\/a><\/h4>\n\t\t\t\t\t\t\t<\/div>\n        <\/div>\n\t\n\t\t\t\t\t\n\t\t\t\t\t\t\t\t<div class=\"ha-pg-item\">\n\t\t\t\t\t\t\t<div class=\"ha-pg-thumb-area\">\n\t\t\t\t\t<a href=\"https:\/\/www.civrilrentacar.com\/index.php\/2023\/08\/04\/fiorino-cloned-411\/\" class=\"ha-pg-thumb\">\n\t\t\t\t\t\t<img loading=\"lazy\" width=\"800\" height=\"498\" src=\"https:\/\/www.civrilrentacar.com\/wp-content\/uploads\/2023\/07\/renault-clio-hb-dizel-otomatik508.jpg\" class=\"attachment-large size-large wp-post-image\" alt=\"\" decoding=\"async\" srcset=\"https:\/\/www.civrilrentacar.com\/wp-content\/uploads\/2023\/07\/renault-clio-hb-dizel-otomatik508.jpg 1024w, https:\/\/www.civrilrentacar.com\/wp-content\/uploads\/2023\/07\/renault-clio-hb-dizel-otomatik508-300x187.jpg 300w, https:\/\/www.civrilrentacar.com\/wp-content\/uploads\/2023\/07\/renault-clio-hb-dizel-otomatik508-768x479.jpg 768w, https:\/\/www.civrilrentacar.com\/wp-content\/uploads\/2023\/07\/renault-clio-hb-dizel-otomatik508-600x374.jpg 600w\" sizes=\"(max-width: 800px) 100vw, 800px\" \/>                    <\/a>\n                    <div class=\"ha-pg-readmore\"><a href=\"https:\/\/www.civrilrentacar.com\/index.php\/2023\/08\/04\/fiorino-cloned-411\/\" target=\"_self\">\u0130ncele<\/a><\/div>                <\/div>\n\t\t\t\t\t\t<div class=\"ha-pg-content-area\">\n\t\t\t\t\n\t\t\t\t<h4 class=\"ha-pg-title\"><a href=\"https:\/\/www.civrilrentacar.com\/index.php\/2023\/08\/04\/fiorino-cloned-411\/\">Renault Clio<\/a><\/h4>\n\t\t\t\t\t\t\t<\/div>\n        <\/div>\n\t\n\t\t\t\t\t\t\t\t\t\t\t\t\t\t\t<\/div>\n\t\t\t\t\t\t\t\t\t<\/div>\n\t\t\t\t\t\t\t<\/div>\n\t\t\t\t<\/div>\n\t\t\t\t\t<\/div>\n\t\t<\/div>\n\t\t\t\t\t<\/div>\n\t\t<\/section>\n\t\t\t\t<section class=\"elementor-section elementor-top-section elementor-element elementor-element-433364e elementor-section-boxed elementor-section-height-default elementor-section-height-default\" data-id=\"433364e\" data-element_type=\"section\" data-settings=\"{&quot;_ha_eqh_enable&quot;:false}\">\n\t\t\t\t\t\t<div class=\"elementor-container elementor-column-gap-default\">\n\t\t\t\t\t<div class=\"elementor-column elementor-col-100 elementor-top-column elementor-element elementor-element-faec8da\" data-id=\"faec8da\" data-element_type=\"column\">\n\t\t\t<div class=\"elementor-widget-wrap elementor-element-populated\">\n\t\t\t\t\t\t<div class=\"elementor-element elementor-element-a5ce5dc elementor-widget elementor-widget-image\" data-id=\"a5ce5dc\" data-element_type=\"widget\" data-widget_type=\"image.default\">\n\t\t\t\t<div class=\"elementor-widget-container\">\n\t\t\t<style>\/*! elementor - v3.23.0 - 05-08-2024 *\/\n.elementor-widget-image{text-align:center}.elementor-widget-image a{display:inline-block}.elementor-widget-image a img[src$=\".svg\"]{width:48px}.elementor-widget-image img{vertical-align:middle;display:inline-block}<\/style>\t\t\t\t\t\t\t\t\t\t<img loading=\"lazy\" decoding=\"async\" width=\"528\" height=\"220\" src=\"https:\/\/www.civrilrentacar.com\/wp-content\/uploads\/2023\/07\/cropped-akdas.png\" class=\"attachment-large size-large wp-image-206\" alt=\"\" srcset=\"https:\/\/www.civrilrentacar.com\/wp-content\/uploads\/2023\/07\/cropped-akdas.png 528w, https:\/\/www.civrilrentacar.com\/wp-content\/uploads\/2023\/07\/cropped-akdas-300x125.png 300w\" sizes=\"(max-width: 528px) 100vw, 528px\" \/>\t\t\t\t\t\t\t\t\t\t\t\t\t<\/div>\n\t\t\t\t<\/div>\n\t\t\t\t\t<\/div>\n\t\t<\/div>\n\t\t\t\t\t<\/div>\n\t\t<\/section>\n\t\t\t\t<\/div>\n\t\t","protected":false},"excerpt":{"rendered":"<p>\u0130ncele Peugeot 301 \u0130ncele Renault Symbol \u0130ncele Renault Megane \u0130ncele Renault Clio<\/p>\n","protected":false},"author":1,"featured_media":0,"parent":0,"menu_order":0,"comment_status":"closed","ping_status":"closed","template":"elementor_canvas","meta":[],"_links":{"self":[{"href":"https:\/\/www.civrilrentacar.com\/index.php\/wp-json\/wp\/v2\/pages\/421"}],"collection":[{"href":"https:\/\/www.civrilrentacar.com\/index.php\/wp-json\/wp\/v2\/pages"}],"about":[{"href":"https:\/\/www.civrilrentacar.com\/index.php\/wp-json\/wp\/v2\/types\/page"}],"author":[{"embeddable":true,"href":"https:\/\/www.civrilrentacar.com\/index.php\/wp-json\/wp\/v2\/users\/1"}],"replies":[{"embeddable":true,"href":"https:\/\/www.civrilrentacar.com\/index.php\/wp-json\/wp\/v2\/comments?post=421"}],"version-history":[{"count":28,"href":"https:\/\/www.civrilrentacar.com\/index.php\/wp-json\/wp\/v2\/pages\/421\/revisions"}],"predecessor-version":[{"id":900,"href":"https:\/\/www.civrilrentacar.com\/index.php\/wp-json\/wp\/v2\/pages\/421\/revisions\/900"}],"wp:attachment":[{"href":"https:\/\/www.civrilrentacar.com\/index.php\/wp-json\/wp\/v2\/media?parent=421"}],"curies":[{"name":"wp","href":"https:\/\/api.w.org\/{rel}","templated":true}]}}